{"id":47,"date":"2022-04-02T18:17:27","date_gmt":"2022-04-02T18:17:27","guid":{"rendered":"https:\/\/www.encosl.com\/?page_id=47"},"modified":"2025-09-21T09:37:26","modified_gmt":"2025-09-21T09:37:26","slug":"incio","status":"publish","type":"page","link":"https:\/\/www.encosl.com\/","title":{"rendered":"incio"},"content":{"rendered":"\t\t<div data-elementor-type=\"wp-page\" data-elementor-id=\"47\" class=\"elementor elementor-47\">\n\t\t\t\t\t\t<section class=\"elementor-section elementor-top-section elementor-element elementor-element-4c592fd elementor-section-boxed elementor-section-height-default elementor-section-height-default\" data-id=\"4c592fd\" data-element_type=\"section\" data-e-type=\"section\">\n\t\t\t\t\t\t<div class=\"elementor-container elementor-column-gap-default\">\n\t\t\t\t\t<div class=\"elementor-column elementor-col-100 elementor-top-column elementor-element elementor-element-95cf832\" data-id=\"95cf832\" data-element_type=\"column\" data-e-type=\"column\">\n\t\t\t<div class=\"elementor-widget-wrap elementor-element-populated\">\n\t\t\t\t\t\t<div class=\"elementor-element elementor-element-8471078 elementor-widget elementor-widget-shortcode\" data-id=\"8471078\" data-element_type=\"widget\" data-e-type=\"widget\" data-widget_type=\"shortcode.default\">\n\t\t\t\t<div class=\"elementor-widget-container\">\n\t\t\t\t\t\t\t<div class=\"elementor-shortcode\"><\/div>\n\t\t\t\t\t\t<\/div>\n\t\t\t\t<\/div>\n\t\t\t\t\t<\/div>\n\t\t<\/div>\n\t\t\t\t\t<\/div>\n\t\t<\/section>\n\t\t\t\t<section class=\"elementor-section elementor-top-section elementor-element elementor-element-4d29a82 elementor-section-boxed elementor-section-height-default elementor-section-height-default\" data-id=\"4d29a82\" data-element_type=\"section\" data-e-type=\"section\" data-settings=\"{&quot;background_background&quot;:&quot;classic&quot;}\">\n\t\t\t\t\t\t<div class=\"elementor-container elementor-column-gap-default\">\n\t\t\t\t\t<div class=\"elementor-column elementor-col-100 elementor-top-column elementor-element elementor-element-c71c506\" data-id=\"c71c506\" data-element_type=\"column\" data-e-type=\"column\">\n\t\t\t<div class=\"elementor-widget-wrap elementor-element-populated\">\n\t\t\t\t\t\t<div class=\"elementor-element elementor-element-f0b15f9 elementor-widget elementor-widget-heading\" data-id=\"f0b15f9\" data-element_type=\"widget\" data-e-type=\"widget\" data-widget_type=\"heading.default\">\n\t\t\t\t<div class=\"elementor-widget-container\">\n\t\t\t\t\t<h1 class=\"elementor-heading-title elementor-size-default\">\nEmpresa Contructora <\/h1>\t\t\t\t<\/div>\n\t\t\t\t<\/div>\n\t\t\t\t\t<\/div>\n\t\t<\/div>\n\t\t\t\t\t<\/div>\n\t\t<\/section>\n\t\t\t\t<section class=\"elementor-section elementor-top-section elementor-element elementor-element-d6c25fb elementor-section-boxed elementor-section-height-default elementor-section-height-default\" data-id=\"d6c25fb\" data-element_type=\"section\" data-e-type=\"section\">\n\t\t\t\t\t\t<div class=\"elementor-container elementor-column-gap-default\">\n\t\t\t\t\t<div class=\"elementor-column elementor-col-50 elementor-top-column elementor-element elementor-element-be55873\" data-id=\"be55873\" data-element_type=\"column\" data-e-type=\"column\">\n\t\t\t<div class=\"elementor-widget-wrap elementor-element-populated\">\n\t\t\t\t\t\t<div class=\"elementor-element elementor-element-a214c37 elementor-widget__width-inherit elementor-widget elementor-widget-image\" data-id=\"a214c37\" data-element_type=\"widget\" data-e-type=\"widget\" data-widget_type=\"image.default\">\n\t\t\t\t<div class=\"elementor-widget-container\">\n\t\t\t\t\t\t\t\t\t\t\t\t\t\t\t<img fetchpriority=\"high\" decoding=\"async\" width=\"800\" height=\"532\" src=\"https:\/\/www.encosl.com\/wp-content\/uploads\/2022\/04\/scaffold-gd93f45866_1920-1024x681.jpg\" class=\"attachment-large size-large wp-image-197\" alt=\"\" srcset=\"https:\/\/www.encosl.com\/wp-content\/uploads\/2022\/04\/scaffold-gd93f45866_1920-1024x681.jpg 1024w, https:\/\/www.encosl.com\/wp-content\/uploads\/2022\/04\/scaffold-gd93f45866_1920-300x200.jpg 300w, https:\/\/www.encosl.com\/wp-content\/uploads\/2022\/04\/scaffold-gd93f45866_1920-768x511.jpg 768w, https:\/\/www.encosl.com\/wp-content\/uploads\/2022\/04\/scaffold-gd93f45866_1920-1536x1022.jpg 1536w, https:\/\/www.encosl.com\/wp-content\/uploads\/2022\/04\/scaffold-gd93f45866_1920.jpg 1920w\" sizes=\"(max-width: 800px) 100vw, 800px\" \/>\t\t\t\t\t\t\t\t\t\t\t\t\t\t\t<\/div>\n\t\t\t\t<\/div>\n\t\t\t\t\t<\/div>\n\t\t<\/div>\n\t\t\t\t<div class=\"elementor-column elementor-col-50 elementor-top-column elementor-element elementor-element-28be7e8\" data-id=\"28be7e8\" data-element_type=\"column\" data-e-type=\"column\">\n\t\t\t<div class=\"elementor-widget-wrap elementor-element-populated\">\n\t\t\t\t\t\t<div class=\"elementor-element elementor-element-f9d35ae elementor-widget elementor-widget-text-editor\" data-id=\"f9d35ae\" data-element_type=\"widget\" data-e-type=\"widget\" data-widget_type=\"text-editor.default\">\n\t\t\t\t<div class=\"elementor-widget-container\">\n\t\t\t\t\t\t\t\t\t<div class=\"av-special-heading av-special-heading-h3 custom-color-heading blockquote modern-quote avia-builder-el-3 el_before_av_textblock avia-builder-el-first \"><h3 class=\"av-special-heading-tag \">El hogar de tus sue\u00f1os con se\u00f1a de identidad<\/h3><\/div><section class=\"av_textblock_section \"><div class=\"avia_textblock \"><p>\u00bfTe gustar\u00eda que un equipo de profesionales se encargue de\u00a0<strong>construir una nueva vivienda<\/strong>\u00a0para ti y tu familia? \u00bfQuieres un hogar donde tus hijos puedan crecer y prosperar disfrutando del mayor confort y bienestar posible?<\/p><p>En\u00a0<strong>enco contruccios sl<\/strong>\u00a0nos encargamos de llevar a cabo tu\u00a0<strong>obra nueva<\/strong>, con el fin de que puedas conseguir una vivienda o local completamente nuevo y adaptado perfectamente a tus necesidades.<\/p><p>Perseguimos un\u00a0<strong>dise\u00f1o innovador<\/strong>, acabados profesionales, eficiencia y resultados duraderos.<\/p><p>Si est\u00e1s pensando en construir una nueva vivienda, est\u00e1s en el lugar indicado.<\/p><p>\u00a0<\/p><\/div><\/section>\t\t\t\t\t\t\t\t<\/div>\n\t\t\t\t<\/div>\n\t\t\t\t\t<\/div>\n\t\t<\/div>\n\t\t\t\t\t<\/div>\n\t\t<\/section>\n\t\t\t\t<section class=\"elementor-section elementor-top-section elementor-element elementor-element-482d8c6 elementor-section-boxed elementor-section-height-default elementor-section-height-default\" data-id=\"482d8c6\" data-element_type=\"section\" data-e-type=\"section\">\n\t\t\t\t\t\t<div class=\"elementor-container elementor-column-gap-default\">\n\t\t\t\t\t<div class=\"elementor-column elementor-col-100 elementor-top-column elementor-element elementor-element-0490710\" data-id=\"0490710\" data-element_type=\"column\" data-e-type=\"column\">\n\t\t\t<div class=\"elementor-widget-wrap elementor-element-populated\">\n\t\t\t\t\t\t<div class=\"elementor-element elementor-element-8f94729 elementor-widget elementor-widget-heading\" data-id=\"8f94729\" data-element_type=\"widget\" data-e-type=\"widget\" data-widget_type=\"heading.default\">\n\t\t\t\t<div class=\"elementor-widget-container\">\n\t\t\t\t\t<h2 class=\"elementor-heading-title elementor-size-default\">Nuestra forma de trabajo se basa en:<\/h2>\t\t\t\t<\/div>\n\t\t\t\t<\/div>\n\t\t\t\t\t<\/div>\n\t\t<\/div>\n\t\t\t\t\t<\/div>\n\t\t<\/section>\n\t\t\t\t<section class=\"elementor-section elementor-top-section elementor-element elementor-element-3253668 elementor-section-boxed elementor-section-height-default elementor-section-height-default\" data-id=\"3253668\" data-element_type=\"section\" data-e-type=\"section\">\n\t\t\t\t\t\t<div class=\"elementor-container elementor-column-gap-default\">\n\t\t\t\t\t<div class=\"elementor-column elementor-col-100 elementor-top-column elementor-element elementor-element-038c437\" data-id=\"038c437\" data-element_type=\"column\" data-e-type=\"column\">\n\t\t\t<div class=\"elementor-widget-wrap elementor-element-populated\">\n\t\t\t\t\t\t<div class=\"elementor-element elementor-element-da860ca elementor-widget elementor-widget-heading\" data-id=\"da860ca\" data-element_type=\"widget\" data-e-type=\"widget\" data-widget_type=\"heading.default\">\n\t\t\t\t<div class=\"elementor-widget-container\">\n\t\t\t\t\t<p class=\"elementor-heading-title elementor-size-default\">La comunicaci\u00f3n a todo nuestro equipo (especialmente al directo en obra) de los valores de la compa\u00f1\u00eda y de los compromisos que la compa\u00f1\u00eda adquiere con el cliente para que todos sean conscientes del cumplimiento de los mismos.<\/p>\t\t\t\t<\/div>\n\t\t\t\t<\/div>\n\t\t\t\t\t<\/div>\n\t\t<\/div>\n\t\t\t\t\t<\/div>\n\t\t<\/section>\n\t\t\t\t<section class=\"elementor-section elementor-top-section elementor-element elementor-element-2219350 elementor-section-boxed elementor-section-height-default elementor-section-height-default\" data-id=\"2219350\" data-element_type=\"section\" data-e-type=\"section\">\n\t\t\t\t\t\t<div class=\"elementor-container elementor-column-gap-default\">\n\t\t\t\t\t<div class=\"elementor-column elementor-col-100 elementor-top-column elementor-element elementor-element-868236f\" data-id=\"868236f\" data-element_type=\"column\" data-e-type=\"column\">\n\t\t\t<div class=\"elementor-widget-wrap elementor-element-populated\">\n\t\t\t\t\t\t<div class=\"elementor-element elementor-element-096990e elementor-widget elementor-widget-heading\" data-id=\"096990e\" data-element_type=\"widget\" data-e-type=\"widget\" data-widget_type=\"heading.default\">\n\t\t\t\t<div class=\"elementor-widget-container\">\n\t\t\t\t\t<p class=\"elementor-heading-title elementor-size-default\">Reuniones mensuales de mejora continua tanto de ejecuci\u00f3n de obra como de organizaci\u00f3n y gesti\u00f3n de proyectos. El equipo humano no se queda estancado sino que siempre intenta mejorar.<\/p>\t\t\t\t<\/div>\n\t\t\t\t<\/div>\n\t\t\t\t\t<\/div>\n\t\t<\/div>\n\t\t\t\t\t<\/div>\n\t\t<\/section>\n\t\t\t\t<section class=\"elementor-section elementor-top-section elementor-element elementor-element-219a08c elementor-section-boxed elementor-section-height-default elementor-section-height-default\" data-id=\"219a08c\" data-element_type=\"section\" data-e-type=\"section\">\n\t\t\t\t\t\t<div class=\"elementor-container elementor-column-gap-default\">\n\t\t\t\t\t<div class=\"elementor-column elementor-col-100 elementor-top-column elementor-element elementor-element-7f1248a\" data-id=\"7f1248a\" data-element_type=\"column\" data-e-type=\"column\">\n\t\t\t<div class=\"elementor-widget-wrap elementor-element-populated\">\n\t\t\t\t\t\t<div class=\"elementor-element elementor-element-2e90cd9 elementor-widget elementor-widget-heading\" data-id=\"2e90cd9\" data-element_type=\"widget\" data-e-type=\"widget\" data-widget_type=\"heading.default\">\n\t\t\t\t<div class=\"elementor-widget-container\">\n\t\t\t\t\t<p class=\"elementor-heading-title elementor-size-default\">Usamos la tecnolog\u00eda para mejorar la experiencia de nuestros clientes durante los trabajos.<\/p>\t\t\t\t<\/div>\n\t\t\t\t<\/div>\n\t\t\t\t\t<\/div>\n\t\t<\/div>\n\t\t\t\t\t<\/div>\n\t\t<\/section>\n\t\t\t\t<section class=\"elementor-section elementor-top-section elementor-element elementor-element-159694e elementor-section-boxed elementor-section-height-default elementor-section-height-default\" data-id=\"159694e\" data-element_type=\"section\" data-e-type=\"section\">\n\t\t\t\t\t\t<div class=\"elementor-container elementor-column-gap-default\">\n\t\t\t\t\t<div class=\"elementor-column elementor-col-100 elementor-top-column elementor-element elementor-element-b19b584\" data-id=\"b19b584\" data-element_type=\"column\" data-e-type=\"column\">\n\t\t\t<div class=\"elementor-widget-wrap elementor-element-populated\">\n\t\t\t\t\t\t<div class=\"elementor-element elementor-element-a3d60c9 elementor-widget-divider--view-line_icon elementor-view-default elementor-widget-divider--element-align-center elementor-widget elementor-widget-divider\" data-id=\"a3d60c9\" data-element_type=\"widget\" data-e-type=\"widget\" data-widget_type=\"divider.default\">\n\t\t\t\t<div class=\"elementor-widget-container\">\n\t\t\t\t\t\t\t<div class=\"elementor-divider\">\n\t\t\t<span class=\"elementor-divider-separator\">\n\t\t\t\t\t\t\t<div class=\"elementor-icon elementor-divider__element\">\n\t\t\t\t\t<i aria-hidden=\"true\" class=\"fas fa-star\"><\/i><\/div>\n\t\t\t\t\t\t<\/span>\n\t\t<\/div>\n\t\t\t\t\t\t<\/div>\n\t\t\t\t<\/div>\n\t\t\t\t\t<\/div>\n\t\t<\/div>\n\t\t\t\t\t<\/div>\n\t\t<\/section>\n\t\t\t\t<\/div>\n\t\t","protected":false},"excerpt":{"rendered":"<p>Empresa Contructora El hogar de tus sue\u00f1os con se\u00f1a de identidad \u00bfTe gustar\u00eda que un equipo de profesionales se encargue de\u00a0construir una nueva vivienda\u00a0para ti y tu familia? \u00bfQuieres un hogar donde tus hijos puedan crecer y prosperar disfrutando del mayor confort y bienestar posible? En\u00a0enco contruccios sl\u00a0nos encargamos de llevar a cabo tu\u00a0obra nueva, [&hellip;]<\/p>\n","protected":false},"author":1,"featured_media":0,"parent":0,"menu_order":0,"comment_status":"closed","ping_status":"closed","template":"","meta":{"footnotes":""},"class_list":["post-47","page","type-page","status-publish","hentry"],"_links":{"self":[{"href":"https:\/\/www.encosl.com\/index.php\/wp-json\/wp\/v2\/pages\/47","targetHints":{"allow":["GET"]}}],"collection":[{"href":"https:\/\/www.encosl.com\/index.php\/wp-json\/wp\/v2\/pages"}],"about":[{"href":"https:\/\/www.encosl.com\/index.php\/wp-json\/wp\/v2\/types\/page"}],"author":[{"embeddable":true,"href":"https:\/\/www.encosl.com\/index.php\/wp-json\/wp\/v2\/users\/1"}],"replies":[{"embeddable":true,"href":"https:\/\/www.encosl.com\/index.php\/wp-json\/wp\/v2\/comments?post=47"}],"version-history":[{"count":87,"href":"https:\/\/www.encosl.com\/index.php\/wp-json\/wp\/v2\/pages\/47\/revisions"}],"predecessor-version":[{"id":2525,"href":"https:\/\/www.encosl.com\/index.php\/wp-json\/wp\/v2\/pages\/47\/revisions\/2525"}],"wp:attachment":[{"href":"https:\/\/www.encosl.com\/index.php\/wp-json\/wp\/v2\/media?parent=47"}],"curies":[{"name":"wp","href":"https:\/\/api.w.org\/{rel}","templated":true}]}}